{"id":185,"date":"2023-10-23T19:01:02","date_gmt":"2023-10-23T17:01:02","guid":{"rendered":"https:\/\/legaminfor.be\/?page_id=185"},"modified":"2024-02-21T22:19:26","modified_gmt":"2024-02-21T21:19:26","slug":"acceuil","status":"publish","type":"page","link":"https:\/\/legaminfor.be\/","title":{"rendered":""},"content":{"rendered":"\n<figure class=\"wp-block-image size-full\"><img loading=\"lazy\" decoding=\"async\" width=\"612\" height=\"63\" src=\"https:\/\/legaminfor.be\/wp-content\/uploads\/2023\/10\/cropped-cropped-Logo2-1.png\" alt=\"\" class=\"wp-image-159\" srcset=\"https:\/\/legaminfor.be\/wp-content\/uploads\/2023\/10\/cropped-cropped-Logo2-1.png 612w, https:\/\/legaminfor.be\/wp-content\/uploads\/2023\/10\/cropped-cropped-Logo2-1-300x31.png 300w\" sizes=\"auto, (max-width: 612px) 100vw, 612px\" \/><\/figure>\n\n\n\n<p class=\"wp-block-paragraph\">Bienvenue ! <\/p>\n\n\n\n<p class=\"wp-block-paragraph\">Le site est actuellement en construction. <\/p>\n\n\n\n<p class=\"wp-block-paragraph\">Si vous \u00eates arriv\u00e9 ici, c&rsquo;est d\u00e9j\u00e0 un premier pas. <\/p>\n\n\n\n<p class=\"wp-block-paragraph\">A tr\u00e8s bient\u00f4t pour plus d&rsquo;informations !<\/p>\n","protected":false},"excerpt":{"rendered":"<p>Bienvenue ! Le site est actuellement en construction. Si vous \u00eates arriv\u00e9 ici, c&rsquo;est d\u00e9j\u00e0 un premier pas. A tr\u00e8s bient\u00f4t pour plus d&rsquo;informations !<\/p>\n","protected":false},"author":1,"featured_media":0,"parent":0,"menu_order":0,"comment_status":"closed","ping_status":"closed","template":"","meta":{"_crdt_document":"","footnotes":""},"class_list":["post-185","page","type-page","status-publish","hentry"],"_links":{"self":[{"href":"https:\/\/legaminfor.be\/index.php\/wp-json\/wp\/v2\/pages\/185","targetHints":{"allow":["GET"]}}],"collection":[{"href":"https:\/\/legaminfor.be\/index.php\/wp-json\/wp\/v2\/pages"}],"about":[{"href":"https:\/\/legaminfor.be\/index.php\/wp-json\/wp\/v2\/types\/page"}],"author":[{"embeddable":true,"href":"https:\/\/legaminfor.be\/index.php\/wp-json\/wp\/v2\/users\/1"}],"replies":[{"embeddable":true,"href":"https:\/\/legaminfor.be\/index.php\/wp-json\/wp\/v2\/comments?post=185"}],"version-history":[{"count":16,"href":"https:\/\/legaminfor.be\/index.php\/wp-json\/wp\/v2\/pages\/185\/revisions"}],"predecessor-version":[{"id":427,"href":"https:\/\/legaminfor.be\/index.php\/wp-json\/wp\/v2\/pages\/185\/revisions\/427"}],"wp:attachment":[{"href":"https:\/\/legaminfor.be\/index.php\/wp-json\/wp\/v2\/media?parent=185"}],"curies":[{"name":"wp","href":"https:\/\/api.w.org\/{rel}","templated":true}]}}