{"id":325,"date":"2023-11-19T17:22:22","date_gmt":"2023-11-19T16:22:22","guid":{"rendered":"https:\/\/legaminfor.be\/?page_id=325"},"modified":"2024-01-07T09:19:00","modified_gmt":"2024-01-07T08:19:00","slug":"analyse","status":"publish","type":"page","link":"https:\/\/legaminfor.be\/index.php\/analyse\/","title":{"rendered":"ANALYSE"},"content":{"rendered":"\n<p class=\"wp-block-paragraph\">Legaminfor effectue des analyses originales pour de nombreuses th\u00e9matiques vari\u00e9es. <\/p>\n\n\n\n<p class=\"wp-block-paragraph\">Fort d\u2019une longue exp\u00e9rience dans la critique constructive de l\u2019existant pour y trouver les faiblesses et les points d\u2019am\u00e9lioration possibles, Legaminfor vous propose une approche sur mesure et une m\u00e9thodologie&nbsp; intuitive \u00e0 l\u2019\u00e9coute des besoins et des moyens disponibles.<\/p>\n\n\n\n<p class=\"wp-block-paragraph\">Tout ce que vous faites bien, moins bien ou pourriez mieux faire, nous le mettrons \u00e0 jour ensemble. <\/p>\n\n\n\n<p class=\"wp-block-paragraph\">Legaminfor vous aidera \u00e0 identifier vos forces, vos faiblesses et vos pistes d\u2019am\u00e9liorations. <\/p>\n\n\n\n<p class=\"wp-block-paragraph\">Expliquez vos besoins pour recevoir un devis sans engagement et\/ou une premi\u00e8re consultation gratuite.&nbsp;<\/p>\n","protected":false},"excerpt":{"rendered":"<p>Legaminfor effectue des analyses originales pour de nombreuses th\u00e9matiques vari\u00e9es. Fort d\u2019une longue exp\u00e9rience dans la critique constructive de l\u2019existant pour y trouver les faiblesses et les points d\u2019am\u00e9lioration possibles, Legaminfor vous propose une approche sur mesure et une m\u00e9thodologie&nbsp; intuitive \u00e0 l\u2019\u00e9coute des besoins et des moyens disponibles. Tout ce que vous faites bien, [&hellip;]<\/p>\n","protected":false},"author":1,"featured_media":0,"parent":0,"menu_order":0,"comment_status":"closed","ping_status":"closed","template":"","meta":{"_crdt_document":"","footnotes":""},"class_list":["post-325","page","type-page","status-publish","hentry"],"_links":{"self":[{"href":"https:\/\/legaminfor.be\/index.php\/wp-json\/wp\/v2\/pages\/325","targetHints":{"allow":["GET"]}}],"collection":[{"href":"https:\/\/legaminfor.be\/index.php\/wp-json\/wp\/v2\/pages"}],"about":[{"href":"https:\/\/legaminfor.be\/index.php\/wp-json\/wp\/v2\/types\/page"}],"author":[{"embeddable":true,"href":"https:\/\/legaminfor.be\/index.php\/wp-json\/wp\/v2\/users\/1"}],"replies":[{"embeddable":true,"href":"https:\/\/legaminfor.be\/index.php\/wp-json\/wp\/v2\/comments?post=325"}],"version-history":[{"count":7,"href":"https:\/\/legaminfor.be\/index.php\/wp-json\/wp\/v2\/pages\/325\/revisions"}],"predecessor-version":[{"id":368,"href":"https:\/\/legaminfor.be\/index.php\/wp-json\/wp\/v2\/pages\/325\/revisions\/368"}],"wp:attachment":[{"href":"https:\/\/legaminfor.be\/index.php\/wp-json\/wp\/v2\/media?parent=325"}],"curies":[{"name":"wp","href":"https:\/\/api.w.org\/{rel}","templated":true}]}}