{"id":394,"date":"2024-02-21T22:11:46","date_gmt":"2024-02-21T21:11:46","guid":{"rendered":"https:\/\/legaminfor.be\/?page_id=394"},"modified":"2024-04-14T17:03:08","modified_gmt":"2024-04-14T15:03:08","slug":"les-bieres","status":"publish","type":"page","link":"https:\/\/legaminfor.be\/index.php\/les-bieres\/","title":{"rendered":"Les bi\u00e8res"},"content":{"rendered":"\n<div class=\"wp-block-columns is-layout-flex wp-container-core-columns-is-layout-f56f613f wp-block-columns-is-layout-flex\">\n<div class=\"wp-block-column is-layout-flow wp-block-column-is-layout-flow\" style=\"flex-basis:100%\">\n<div class=\"wp-block-columns is-layout-flex wp-container-core-columns-is-layout-f56f613f wp-block-columns-is-layout-flex\">\n<div class=\"wp-block-column is-layout-flow wp-block-column-is-layout-flow\">\n<figure class=\"wp-block-image size-large\"><img loading=\"lazy\" decoding=\"async\" width=\"461\" height=\"1024\" src=\"https:\/\/legaminfor.be\/wp-content\/uploads\/2024\/02\/BushCaractere-461x1024.jpg\" alt=\"\" class=\"wp-image-405\" srcset=\"https:\/\/legaminfor.be\/wp-content\/uploads\/2024\/02\/BushCaractere-461x1024.jpg 461w, https:\/\/legaminfor.be\/wp-content\/uploads\/2024\/02\/BushCaractere-135x300.jpg 135w, https:\/\/legaminfor.be\/wp-content\/uploads\/2024\/02\/BushCaractere-768x1707.jpg 768w, https:\/\/legaminfor.be\/wp-content\/uploads\/2024\/02\/BushCaractere-691x1536.jpg 691w, https:\/\/legaminfor.be\/wp-content\/uploads\/2024\/02\/BushCaractere-922x2048.jpg 922w, https:\/\/legaminfor.be\/wp-content\/uploads\/2024\/02\/BushCaractere-scaled.jpg 1152w\" sizes=\"auto, (max-width: 461px) 100vw, 461px\" \/><\/figure>\n<\/div>\n\n\n\n<div class=\"wp-block-column is-vertically-aligned-center is-layout-flow wp-block-column-is-layout-flow\">\n<h2 class=\"wp-block-heading has-text-align-left\"><strong>Bush Caract\u00e8re<\/strong><\/h2>\n\n\n\n<p class=\"wp-block-paragraph\">Ambr\u00e9e<\/p>\n\n\n\n<p class=\"wp-block-paragraph\">12 % vol alcool<\/p>\n<\/div>\n<\/div>\n\n\n\n<hr class=\"wp-block-separator aligncenter has-alpha-channel-opacity\"\/>\n\n\n\n<div class=\"wp-block-columns is-layout-flex wp-container-core-columns-is-layout-f56f613f wp-block-columns-is-layout-flex\">\n<div class=\"wp-block-column is-layout-flow wp-block-column-is-layout-flow\">\n<figure class=\"wp-block-image size-large\"><img loading=\"lazy\" decoding=\"async\" width=\"461\" height=\"1024\" src=\"https:\/\/legaminfor.be\/wp-content\/uploads\/2024\/02\/BushTriple-461x1024.jpg\" alt=\"\" class=\"wp-image-406\" srcset=\"https:\/\/legaminfor.be\/wp-content\/uploads\/2024\/02\/BushTriple-461x1024.jpg 461w, https:\/\/legaminfor.be\/wp-content\/uploads\/2024\/02\/BushTriple-135x300.jpg 135w, https:\/\/legaminfor.be\/wp-content\/uploads\/2024\/02\/BushTriple-768x1707.jpg 768w, https:\/\/legaminfor.be\/wp-content\/uploads\/2024\/02\/BushTriple-691x1536.jpg 691w, https:\/\/legaminfor.be\/wp-content\/uploads\/2024\/02\/BushTriple-922x2048.jpg 922w, https:\/\/legaminfor.be\/wp-content\/uploads\/2024\/02\/BushTriple-scaled.jpg 1152w\" sizes=\"auto, (max-width: 461px) 100vw, 461px\" \/><\/figure>\n<\/div>\n\n\n\n<div class=\"wp-block-column is-vertically-aligned-center is-layout-flow wp-block-column-is-layout-flow\">\n<h2 class=\"wp-block-heading has-text-align-left\"><strong>Bush Triple<\/strong><\/h2>\n\n\n\n<p class=\"wp-block-paragraph\">blonde<\/p>\n\n\n\n<p class=\"wp-block-paragraph\">10,5 % vol alcool<\/p>\n<\/div>\n<\/div>\n\n\n\n<hr class=\"wp-block-separator aligncenter has-alpha-channel-opacity\"\/>\n\n\n\n<div class=\"wp-block-columns is-layout-flex wp-container-core-columns-is-layout-f56f613f wp-block-columns-is-layout-flex\">\n<div class=\"wp-block-column is-layout-flow wp-block-column-is-layout-flow\">\n<figure class=\"wp-block-image size-large\"><img loading=\"lazy\" decoding=\"async\" width=\"461\" height=\"1024\" src=\"https:\/\/legaminfor.be\/wp-content\/uploads\/2024\/02\/MaredsousTriple-461x1024.jpg\" alt=\"\" class=\"wp-image-407\" srcset=\"https:\/\/legaminfor.be\/wp-content\/uploads\/2024\/02\/MaredsousTriple-461x1024.jpg 461w, https:\/\/legaminfor.be\/wp-content\/uploads\/2024\/02\/MaredsousTriple-135x300.jpg 135w, https:\/\/legaminfor.be\/wp-content\/uploads\/2024\/02\/MaredsousTriple-768x1707.jpg 768w, https:\/\/legaminfor.be\/wp-content\/uploads\/2024\/02\/MaredsousTriple-691x1536.jpg 691w, https:\/\/legaminfor.be\/wp-content\/uploads\/2024\/02\/MaredsousTriple-922x2048.jpg 922w, https:\/\/legaminfor.be\/wp-content\/uploads\/2024\/02\/MaredsousTriple-scaled.jpg 1152w\" sizes=\"auto, (max-width: 461px) 100vw, 461px\" \/><\/figure>\n<\/div>\n\n\n\n<div class=\"wp-block-column is-vertically-aligned-center is-layout-flow wp-block-column-is-layout-flow\">\n<h2 class=\"wp-block-heading has-text-align-left\"><strong>Maredsous Triple<\/strong><\/h2>\n\n\n\n<p class=\"wp-block-paragraph\">Ambr\u00e9e<\/p>\n\n\n\n<p class=\"wp-block-paragraph\">10 % vol alcool<\/p>\n<\/div>\n<\/div>\n\n\n\n<div class=\"wp-block-columns is-layout-flex wp-container-core-columns-is-layout-f56f613f wp-block-columns-is-layout-flex\">\n<div class=\"wp-block-column is-layout-flow wp-block-column-is-layout-flow\">\n<figure class=\"wp-block-image size-large\"><img loading=\"lazy\" decoding=\"async\" width=\"461\" height=\"1024\" src=\"https:\/\/legaminfor.be\/wp-content\/uploads\/2024\/02\/BushPecheMel-461x1024.jpg\" alt=\"\" class=\"wp-image-414\" srcset=\"https:\/\/legaminfor.be\/wp-content\/uploads\/2024\/02\/BushPecheMel-461x1024.jpg 461w, https:\/\/legaminfor.be\/wp-content\/uploads\/2024\/02\/BushPecheMel-135x300.jpg 135w, https:\/\/legaminfor.be\/wp-content\/uploads\/2024\/02\/BushPecheMel-768x1707.jpg 768w, https:\/\/legaminfor.be\/wp-content\/uploads\/2024\/02\/BushPecheMel-691x1536.jpg 691w, https:\/\/legaminfor.be\/wp-content\/uploads\/2024\/02\/BushPecheMel-922x2048.jpg 922w, https:\/\/legaminfor.be\/wp-content\/uploads\/2024\/02\/BushPecheMel-scaled.jpg 1152w\" sizes=\"auto, (max-width: 461px) 100vw, 461px\" \/><\/figure>\n<\/div>\n\n\n\n<div class=\"wp-block-column is-vertically-aligned-center is-layout-flow wp-block-column-is-layout-flow\">\n<h2 class=\"wp-block-heading has-text-align-left\"><strong>Bush P\u00eache Mel<\/strong><\/h2>\n\n\n\n<p class=\"wp-block-paragraph\">Fruit\u00e9e<\/p>\n\n\n\n<p class=\"wp-block-paragraph\">8,5 % vol alcool<\/p>\n<\/div>\n<\/div>\n\n\n\n<hr class=\"wp-block-separator aligncenter has-alpha-channel-opacity\"\/>\n\n\n\n<div class=\"wp-block-columns is-layout-flex wp-container-core-columns-is-layout-f56f613f wp-block-columns-is-layout-flex\">\n<div class=\"wp-block-column is-layout-flow wp-block-column-is-layout-flow\">\n<figure class=\"wp-block-image size-large\"><img loading=\"lazy\" decoding=\"async\" width=\"461\" height=\"1024\" src=\"https:\/\/legaminfor.be\/wp-content\/uploads\/2024\/02\/FramBush-461x1024.jpg\" alt=\"\" class=\"wp-image-415\" srcset=\"https:\/\/legaminfor.be\/wp-content\/uploads\/2024\/02\/FramBush-461x1024.jpg 461w, https:\/\/legaminfor.be\/wp-content\/uploads\/2024\/02\/FramBush-135x300.jpg 135w, https:\/\/legaminfor.be\/wp-content\/uploads\/2024\/02\/FramBush-768x1707.jpg 768w, https:\/\/legaminfor.be\/wp-content\/uploads\/2024\/02\/FramBush-691x1536.jpg 691w, https:\/\/legaminfor.be\/wp-content\/uploads\/2024\/02\/FramBush-922x2048.jpg 922w, https:\/\/legaminfor.be\/wp-content\/uploads\/2024\/02\/FramBush-scaled.jpg 1152w\" sizes=\"auto, (max-width: 461px) 100vw, 461px\" \/><\/figure>\n<\/div>\n\n\n\n<div class=\"wp-block-column is-vertically-aligned-center is-layout-flow wp-block-column-is-layout-flow\">\n<h2 class=\"wp-block-heading has-text-align-left\"><strong>Fram&rsquo; Bush<\/strong><\/h2>\n\n\n\n<p class=\"wp-block-paragraph\">Fuit\u00e9e rouge<\/p>\n\n\n\n<p class=\"wp-block-paragraph\">8,5 % vol alcool<\/p>\n<\/div>\n<\/div>\n\n\n\n<hr class=\"wp-block-separator aligncenter has-alpha-channel-opacity\"\/>\n\n\n\n<hr class=\"wp-block-separator aligncenter has-alpha-channel-opacity\"\/>\n\n\n\n<div class=\"wp-block-columns is-layout-flex wp-container-core-columns-is-layout-f56f613f wp-block-columns-is-layout-flex\">\n<div class=\"wp-block-column is-layout-flow wp-block-column-is-layout-flow\">\n<figure class=\"wp-block-image size-large\"><img loading=\"lazy\" decoding=\"async\" width=\"461\" height=\"1024\" src=\"https:\/\/legaminfor.be\/wp-content\/uploads\/2024\/02\/Filou-461x1024.jpg\" alt=\"\" class=\"wp-image-408\" srcset=\"https:\/\/legaminfor.be\/wp-content\/uploads\/2024\/02\/Filou-461x1024.jpg 461w, https:\/\/legaminfor.be\/wp-content\/uploads\/2024\/02\/Filou-135x300.jpg 135w, https:\/\/legaminfor.be\/wp-content\/uploads\/2024\/02\/Filou-768x1707.jpg 768w, https:\/\/legaminfor.be\/wp-content\/uploads\/2024\/02\/Filou-691x1536.jpg 691w, https:\/\/legaminfor.be\/wp-content\/uploads\/2024\/02\/Filou-922x2048.jpg 922w, https:\/\/legaminfor.be\/wp-content\/uploads\/2024\/02\/Filou-scaled.jpg 1152w\" sizes=\"auto, (max-width: 461px) 100vw, 461px\" \/><\/figure>\n<\/div>\n\n\n\n<div class=\"wp-block-column is-vertically-aligned-center is-layout-flow wp-block-column-is-layout-flow\">\n<h2 class=\"wp-block-heading has-text-align-left\"><strong>Filou<\/strong><\/h2>\n\n\n\n<p class=\"wp-block-paragraph\">blonde<\/p>\n\n\n\n<p class=\"wp-block-paragraph\">8,5 % vol alcool<\/p>\n<\/div>\n<\/div>\n\n\n\n<div class=\"wp-block-columns is-layout-flex wp-container-core-columns-is-layout-f56f613f wp-block-columns-is-layout-flex\">\n<div class=\"wp-block-column is-layout-flow wp-block-column-is-layout-flow\">\n<figure class=\"wp-block-image size-large\"><img loading=\"lazy\" decoding=\"async\" width=\"461\" height=\"1024\" src=\"https:\/\/legaminfor.be\/wp-content\/uploads\/2024\/04\/Duvel-461x1024.jpg\" alt=\"\" class=\"wp-image-450\" srcset=\"https:\/\/legaminfor.be\/wp-content\/uploads\/2024\/04\/Duvel-461x1024.jpg 461w, https:\/\/legaminfor.be\/wp-content\/uploads\/2024\/04\/Duvel-135x300.jpg 135w, https:\/\/legaminfor.be\/wp-content\/uploads\/2024\/04\/Duvel-768x1707.jpg 768w, https:\/\/legaminfor.be\/wp-content\/uploads\/2024\/04\/Duvel-691x1536.jpg 691w, https:\/\/legaminfor.be\/wp-content\/uploads\/2024\/04\/Duvel-922x2048.jpg 922w, https:\/\/legaminfor.be\/wp-content\/uploads\/2024\/04\/Duvel-scaled.jpg 1152w\" sizes=\"auto, (max-width: 461px) 100vw, 461px\" \/><\/figure>\n<\/div>\n\n\n\n<div class=\"wp-block-column is-vertically-aligned-center is-layout-flow wp-block-column-is-layout-flow\">\n<h2 class=\"wp-block-heading has-text-align-left\"><strong>Duvel<\/strong><\/h2>\n\n\n\n<p class=\"wp-block-paragraph\">blonde<\/p>\n\n\n\n<p class=\"wp-block-paragraph\">8,5 % vol alcool<\/p>\n<\/div>\n<\/div>\n\n\n\n<hr class=\"wp-block-separator aligncenter has-alpha-channel-opacity\"\/>\n\n\n\n<div class=\"wp-block-columns is-layout-flex wp-container-core-columns-is-layout-f56f613f wp-block-columns-is-layout-flex\">\n<div class=\"wp-block-column is-layout-flow wp-block-column-is-layout-flow\">\n<figure class=\"wp-block-image size-large\"><img loading=\"lazy\" decoding=\"async\" width=\"461\" height=\"1024\" src=\"https:\/\/legaminfor.be\/wp-content\/uploads\/2024\/02\/TripleKarmeliet-3-461x1024.jpg\" alt=\"\" class=\"wp-image-400\" srcset=\"https:\/\/legaminfor.be\/wp-content\/uploads\/2024\/02\/TripleKarmeliet-3-461x1024.jpg 461w, https:\/\/legaminfor.be\/wp-content\/uploads\/2024\/02\/TripleKarmeliet-3-135x300.jpg 135w, https:\/\/legaminfor.be\/wp-content\/uploads\/2024\/02\/TripleKarmeliet-3-768x1707.jpg 768w, https:\/\/legaminfor.be\/wp-content\/uploads\/2024\/02\/TripleKarmeliet-3-691x1536.jpg 691w, https:\/\/legaminfor.be\/wp-content\/uploads\/2024\/02\/TripleKarmeliet-3-922x2048.jpg 922w, https:\/\/legaminfor.be\/wp-content\/uploads\/2024\/02\/TripleKarmeliet-3-scaled.jpg 1152w\" sizes=\"auto, (max-width: 461px) 100vw, 461px\" \/><\/figure>\n<\/div>\n\n\n\n<div class=\"wp-block-column is-vertically-aligned-center is-layout-flow wp-block-column-is-layout-flow\">\n<h2 class=\"wp-block-heading has-text-align-left\"><strong>Triple Karmeliet<\/strong><\/h2>\n\n\n\n<p class=\"wp-block-paragraph\">blonde<\/p>\n\n\n\n<p class=\"wp-block-paragraph\">8,4 % vol alcool<\/p>\n<\/div>\n<\/div>\n\n\n\n<hr class=\"wp-block-separator aligncenter has-alpha-channel-opacity\"\/>\n\n\n\n<div class=\"wp-block-columns is-layout-flex wp-container-core-columns-is-layout-f56f613f wp-block-columns-is-layout-flex\">\n<div class=\"wp-block-column is-layout-flow wp-block-column-is-layout-flow\">\n<figure class=\"wp-block-image size-large\"><img loading=\"lazy\" decoding=\"async\" width=\"462\" height=\"1024\" src=\"https:\/\/legaminfor.be\/wp-content\/uploads\/2024\/03\/Kasteel-462x1024.jpg\" alt=\"\" class=\"wp-image-436\" srcset=\"https:\/\/legaminfor.be\/wp-content\/uploads\/2024\/03\/Kasteel-462x1024.jpg 462w, https:\/\/legaminfor.be\/wp-content\/uploads\/2024\/03\/Kasteel-135x300.jpg 135w, https:\/\/legaminfor.be\/wp-content\/uploads\/2024\/03\/Kasteel-768x1703.jpg 768w, https:\/\/legaminfor.be\/wp-content\/uploads\/2024\/03\/Kasteel-693x1536.jpg 693w, https:\/\/legaminfor.be\/wp-content\/uploads\/2024\/03\/Kasteel-924x2048.jpg 924w, https:\/\/legaminfor.be\/wp-content\/uploads\/2024\/03\/Kasteel-scaled.jpg 1155w\" sizes=\"auto, (max-width: 462px) 100vw, 462px\" \/><\/figure>\n<\/div>\n\n\n\n<div class=\"wp-block-column is-vertically-aligned-center is-layout-flow wp-block-column-is-layout-flow\">\n<h2 class=\"wp-block-heading has-text-align-left\"><strong>Kasteel<\/strong><\/h2>\n\n\n\n<p class=\"wp-block-paragraph\">fuit\u00e9e rouge<\/p>\n\n\n\n<p class=\"wp-block-paragraph\">8 % vol alcool<\/p>\n<\/div>\n<\/div>\n\n\n\n<div class=\"wp-block-columns is-layout-flex wp-container-core-columns-is-layout-f56f613f wp-block-columns-is-layout-flex\">\n<div class=\"wp-block-column is-layout-flow wp-block-column-is-layout-flow\">\n<figure class=\"wp-block-image size-large\"><img loading=\"lazy\" decoding=\"async\" width=\"461\" height=\"1024\" src=\"https:\/\/legaminfor.be\/wp-content\/uploads\/2024\/02\/StFeuillienBlonde-461x1024.jpg\" alt=\"\" class=\"wp-image-409\" srcset=\"https:\/\/legaminfor.be\/wp-content\/uploads\/2024\/02\/StFeuillienBlonde-461x1024.jpg 461w, https:\/\/legaminfor.be\/wp-content\/uploads\/2024\/02\/StFeuillienBlonde-135x300.jpg 135w, https:\/\/legaminfor.be\/wp-content\/uploads\/2024\/02\/StFeuillienBlonde-768x1707.jpg 768w, https:\/\/legaminfor.be\/wp-content\/uploads\/2024\/02\/StFeuillienBlonde-691x1536.jpg 691w, https:\/\/legaminfor.be\/wp-content\/uploads\/2024\/02\/StFeuillienBlonde-922x2048.jpg 922w, https:\/\/legaminfor.be\/wp-content\/uploads\/2024\/02\/StFeuillienBlonde-scaled.jpg 1152w\" sizes=\"auto, (max-width: 461px) 100vw, 461px\" \/><\/figure>\n<\/div>\n\n\n\n<div class=\"wp-block-column is-vertically-aligned-center is-layout-flow wp-block-column-is-layout-flow\">\n<h2 class=\"wp-block-heading has-text-align-left\"><strong>Saint Feuillien<\/strong><\/h2>\n\n\n\n<p class=\"wp-block-paragraph\">blonde<\/p>\n\n\n\n<p class=\"wp-block-paragraph\">7,5 % vol alcool<\/p>\n<\/div>\n<\/div>\n\n\n\n<hr class=\"wp-block-separator aligncenter has-alpha-channel-opacity\"\/>\n\n\n\n<div class=\"wp-block-columns is-layout-flex wp-container-core-columns-is-layout-f56f613f wp-block-columns-is-layout-flex\">\n<div class=\"wp-block-column is-layout-flow wp-block-column-is-layout-flow\">\n<figure class=\"wp-block-image size-large\"><img loading=\"lazy\" decoding=\"async\" width=\"461\" height=\"1024\" src=\"https:\/\/legaminfor.be\/wp-content\/uploads\/2024\/02\/MaredsousBlonde-461x1024.jpg\" alt=\"\" class=\"wp-image-402\" srcset=\"https:\/\/legaminfor.be\/wp-content\/uploads\/2024\/02\/MaredsousBlonde-461x1024.jpg 461w, https:\/\/legaminfor.be\/wp-content\/uploads\/2024\/02\/MaredsousBlonde-135x300.jpg 135w, https:\/\/legaminfor.be\/wp-content\/uploads\/2024\/02\/MaredsousBlonde-768x1707.jpg 768w, https:\/\/legaminfor.be\/wp-content\/uploads\/2024\/02\/MaredsousBlonde-691x1536.jpg 691w, https:\/\/legaminfor.be\/wp-content\/uploads\/2024\/02\/MaredsousBlonde-922x2048.jpg 922w, https:\/\/legaminfor.be\/wp-content\/uploads\/2024\/02\/MaredsousBlonde-scaled.jpg 1152w\" sizes=\"auto, (max-width: 461px) 100vw, 461px\" \/><\/figure>\n<\/div>\n\n\n\n<div class=\"wp-block-column is-vertically-aligned-center is-layout-flow wp-block-column-is-layout-flow\">\n<h2 class=\"wp-block-heading has-text-align-left\"><strong>Maredsous <\/strong><\/h2>\n\n\n\n<p class=\"wp-block-paragraph\">blonde<\/p>\n\n\n\n<p class=\"wp-block-paragraph\">6,5 % vol alcool<\/p>\n<\/div>\n<\/div>\n\n\n\n<hr class=\"wp-block-separator aligncenter has-alpha-channel-opacity\"\/>\n\n\n\n<div class=\"wp-block-columns is-layout-flex wp-container-core-columns-is-layout-f56f613f wp-block-columns-is-layout-flex\">\n<div class=\"wp-block-column is-layout-flow wp-block-column-is-layout-flow\">\n<figure class=\"wp-block-image size-large\"><img loading=\"lazy\" decoding=\"async\" width=\"461\" height=\"1024\" src=\"https:\/\/legaminfor.be\/wp-content\/uploads\/2024\/02\/ValDieu-461x1024.jpg\" alt=\"\" class=\"wp-image-410\" srcset=\"https:\/\/legaminfor.be\/wp-content\/uploads\/2024\/02\/ValDieu-461x1024.jpg 461w, https:\/\/legaminfor.be\/wp-content\/uploads\/2024\/02\/ValDieu-135x300.jpg 135w, https:\/\/legaminfor.be\/wp-content\/uploads\/2024\/02\/ValDieu-768x1707.jpg 768w, https:\/\/legaminfor.be\/wp-content\/uploads\/2024\/02\/ValDieu-691x1536.jpg 691w, https:\/\/legaminfor.be\/wp-content\/uploads\/2024\/02\/ValDieu-922x2048.jpg 922w, https:\/\/legaminfor.be\/wp-content\/uploads\/2024\/02\/ValDieu-scaled.jpg 1152w\" sizes=\"auto, (max-width: 461px) 100vw, 461px\" \/><\/figure>\n<\/div>\n\n\n\n<div class=\"wp-block-column is-vertically-aligned-center is-layout-flow wp-block-column-is-layout-flow\">\n<h2 class=\"wp-block-heading has-text-align-left\"><strong>Val Dieu<\/strong><\/h2>\n\n\n\n<p class=\"wp-block-paragraph\">blonde<\/p>\n\n\n\n<p class=\"wp-block-paragraph\">6 % vol alcool<\/p>\n<\/div>\n<\/div>\n\n\n\n<hr class=\"wp-block-separator aligncenter has-alpha-channel-opacity\"\/>\n\n\n\n<div class=\"wp-block-columns is-layout-flex wp-container-core-columns-is-layout-f56f613f wp-block-columns-is-layout-flex\">\n<div class=\"wp-block-column is-layout-flow wp-block-column-is-layout-flow\">\n<figure class=\"wp-block-image size-large\"><img loading=\"lazy\" decoding=\"async\" width=\"461\" height=\"1024\" src=\"https:\/\/legaminfor.be\/wp-content\/uploads\/2024\/02\/PelfortBlonde-461x1024.jpg\" alt=\"\" class=\"wp-image-411\" srcset=\"https:\/\/legaminfor.be\/wp-content\/uploads\/2024\/02\/PelfortBlonde-461x1024.jpg 461w, https:\/\/legaminfor.be\/wp-content\/uploads\/2024\/02\/PelfortBlonde-135x300.jpg 135w, https:\/\/legaminfor.be\/wp-content\/uploads\/2024\/02\/PelfortBlonde-768x1707.jpg 768w, https:\/\/legaminfor.be\/wp-content\/uploads\/2024\/02\/PelfortBlonde-691x1536.jpg 691w, https:\/\/legaminfor.be\/wp-content\/uploads\/2024\/02\/PelfortBlonde-922x2048.jpg 922w, https:\/\/legaminfor.be\/wp-content\/uploads\/2024\/02\/PelfortBlonde-scaled.jpg 1152w\" sizes=\"auto, (max-width: 461px) 100vw, 461px\" \/><\/figure>\n<\/div>\n\n\n\n<div class=\"wp-block-column is-vertically-aligned-center is-layout-flow wp-block-column-is-layout-flow\">\n<h2 class=\"wp-block-heading has-text-align-left\"><strong>Pelforth<\/strong><\/h2>\n\n\n\n<p class=\"wp-block-paragraph\">blonde<\/p>\n\n\n\n<p class=\"wp-block-paragraph\">5,8 % vol alcool<\/p>\n<\/div>\n<\/div>\n\n\n\n<hr class=\"wp-block-separator aligncenter has-alpha-channel-opacity\"\/>\n\n\n\n<div class=\"wp-block-columns is-layout-flex wp-container-core-columns-is-layout-f56f613f wp-block-columns-is-layout-flex\">\n<div class=\"wp-block-column is-layout-flow wp-block-column-is-layout-flow\">\n<figure class=\"wp-block-image size-large\"><img loading=\"lazy\" decoding=\"async\" width=\"461\" height=\"1024\" src=\"https:\/\/legaminfor.be\/wp-content\/uploads\/2024\/02\/MaesCanette50cc-461x1024.jpg\" alt=\"\" class=\"wp-image-412\" srcset=\"https:\/\/legaminfor.be\/wp-content\/uploads\/2024\/02\/MaesCanette50cc-461x1024.jpg 461w, https:\/\/legaminfor.be\/wp-content\/uploads\/2024\/02\/MaesCanette50cc-135x300.jpg 135w, https:\/\/legaminfor.be\/wp-content\/uploads\/2024\/02\/MaesCanette50cc-768x1707.jpg 768w, https:\/\/legaminfor.be\/wp-content\/uploads\/2024\/02\/MaesCanette50cc-691x1536.jpg 691w, https:\/\/legaminfor.be\/wp-content\/uploads\/2024\/02\/MaesCanette50cc-922x2048.jpg 922w, https:\/\/legaminfor.be\/wp-content\/uploads\/2024\/02\/MaesCanette50cc-scaled.jpg 1152w\" sizes=\"auto, (max-width: 461px) 100vw, 461px\" \/><\/figure>\n<\/div>\n\n\n\n<div class=\"wp-block-column is-vertically-aligned-center is-layout-flow wp-block-column-is-layout-flow\">\n<h2 class=\"wp-block-heading has-text-align-left\"><strong>Maes<\/strong><\/h2>\n\n\n\n<p class=\"wp-block-paragraph\">blonde<\/p>\n\n\n\n<p class=\"wp-block-paragraph\">5,2 % vol alcool<\/p>\n<\/div>\n<\/div>\n\n\n\n<hr class=\"wp-block-separator aligncenter has-alpha-channel-opacity\"\/>\n\n\n\n<div class=\"wp-block-columns is-layout-flex wp-container-core-columns-is-layout-f56f613f wp-block-columns-is-layout-flex\">\n<div class=\"wp-block-column is-layout-flow wp-block-column-is-layout-flow\">\n<figure class=\"wp-block-image size-large\"><img loading=\"lazy\" decoding=\"async\" width=\"461\" height=\"1024\" src=\"https:\/\/legaminfor.be\/wp-content\/uploads\/2024\/02\/Ducassis-461x1024.jpg\" alt=\"\" class=\"wp-image-416\" srcset=\"https:\/\/legaminfor.be\/wp-content\/uploads\/2024\/02\/Ducassis-461x1024.jpg 461w, https:\/\/legaminfor.be\/wp-content\/uploads\/2024\/02\/Ducassis-135x300.jpg 135w, https:\/\/legaminfor.be\/wp-content\/uploads\/2024\/02\/Ducassis-768x1707.jpg 768w, https:\/\/legaminfor.be\/wp-content\/uploads\/2024\/02\/Ducassis-691x1536.jpg 691w, https:\/\/legaminfor.be\/wp-content\/uploads\/2024\/02\/Ducassis-922x2048.jpg 922w, https:\/\/legaminfor.be\/wp-content\/uploads\/2024\/02\/Ducassis-scaled.jpg 1152w\" sizes=\"auto, (max-width: 461px) 100vw, 461px\" \/><\/figure>\n<\/div>\n\n\n\n<div class=\"wp-block-column is-vertically-aligned-center is-layout-flow wp-block-column-is-layout-flow\">\n<h2 class=\"wp-block-heading has-text-align-left\"><strong>Ducassis<\/strong><\/h2>\n\n\n\n<p class=\"wp-block-paragraph\">Fruit\u00e9e <\/p>\n\n\n\n<p class=\"wp-block-paragraph\">3 % vol alcool<\/p>\n<\/div>\n<\/div>\n<\/div>\n<\/div>\n\n\n\n<hr class=\"wp-block-separator aligncenter has-alpha-channel-opacity\"\/>\n\n\n\n<div class=\"wp-block-columns is-layout-flex wp-container-core-columns-is-layout-f56f613f wp-block-columns-is-layout-flex\">\n<div class=\"wp-block-column is-layout-flow wp-block-column-is-layout-flow\"><\/div>\n\n\n\n<div class=\"wp-block-column is-layout-flow wp-block-column-is-layout-flow\"><\/div>\n<\/div>\n","protected":false},"excerpt":{"rendered":"<p>Bush Caract\u00e8re Ambr\u00e9e 12 % vol alcool Bush Triple blonde 10,5 % vol alcool Maredsous Triple Ambr\u00e9e 10 % vol alcool Bush P\u00eache Mel Fruit\u00e9e 8,5 % vol alcool Fram&rsquo; Bush Fuit\u00e9e rouge 8,5 % vol alcool Filou blonde 8,5 % vol alcool Duvel blonde 8,5 % vol alcool Triple Karmeliet blonde 8,4 % vol [&hellip;]<\/p>\n","protected":false},"author":1,"featured_media":0,"parent":0,"menu_order":0,"comment_status":"closed","ping_status":"closed","template":"","meta":{"_crdt_document":"","footnotes":""},"class_list":["post-394","page","type-page","status-publish","hentry"],"_links":{"self":[{"href":"https:\/\/legaminfor.be\/index.php\/wp-json\/wp\/v2\/pages\/394","targetHints":{"allow":["GET"]}}],"collection":[{"href":"https:\/\/legaminfor.be\/index.php\/wp-json\/wp\/v2\/pages"}],"about":[{"href":"https:\/\/legaminfor.be\/index.php\/wp-json\/wp\/v2\/types\/page"}],"author":[{"embeddable":true,"href":"https:\/\/legaminfor.be\/index.php\/wp-json\/wp\/v2\/users\/1"}],"replies":[{"embeddable":true,"href":"https:\/\/legaminfor.be\/index.php\/wp-json\/wp\/v2\/comments?post=394"}],"version-history":[{"count":11,"href":"https:\/\/legaminfor.be\/index.php\/wp-json\/wp\/v2\/pages\/394\/revisions"}],"predecessor-version":[{"id":452,"href":"https:\/\/legaminfor.be\/index.php\/wp-json\/wp\/v2\/pages\/394\/revisions\/452"}],"wp:attachment":[{"href":"https:\/\/legaminfor.be\/index.php\/wp-json\/wp\/v2\/media?parent=394"}],"curies":[{"name":"wp","href":"https:\/\/api.w.org\/{rel}","templated":true}]}}