{"id":443,"date":"2024-03-10T18:35:49","date_gmt":"2024-03-10T17:35:49","guid":{"rendered":"https:\/\/legaminfor.be\/?page_id=443"},"modified":"2024-03-10T18:37:57","modified_gmt":"2024-03-10T17:37:57","slug":"pourquoi","status":"publish","type":"page","link":"https:\/\/legaminfor.be\/index.php\/pourquoi\/","title":{"rendered":"Pourquoi ?"},"content":{"rendered":"\n<p class=\"wp-block-paragraph\">Vous avez choisi une autre boissons que la bi\u00e8re pourtant si riche en vitamines B et tellement vectrice de liens sociaux. <\/p>\n\n\n\n<p class=\"wp-block-paragraph\">Pourquoi ?  <\/p>\n\n\n\n<p class=\"wp-block-paragraph\">R\u00e9fl\u00e9chissez avant de cliquer ! <\/p>\n\n\n\n<p class=\"wp-block-paragraph\">Cette partie du site n&rsquo;est de toute fa\u00e7on pas pr\u00eate et c&rsquo;\u00e9tait bien mentionn\u00e9 ! <\/p>\n\n\n\n<p class=\"wp-block-paragraph\">Tapez sur le fl\u00e8che \u00ab\u00a0retour\u00a0\u00bb et oublions cela ! <\/p>\n","protected":false},"excerpt":{"rendered":"<p>Vous avez choisi une autre boissons que la bi\u00e8re pourtant si riche en vitamines B et tellement vectrice de liens sociaux. Pourquoi ? R\u00e9fl\u00e9chissez avant de cliquer ! Cette partie du site n&rsquo;est de toute fa\u00e7on pas pr\u00eate et c&rsquo;\u00e9tait bien mentionn\u00e9 ! Tapez sur le fl\u00e8che \u00ab\u00a0retour\u00a0\u00bb et oublions cela !<\/p>\n","protected":false},"author":1,"featured_media":0,"parent":0,"menu_order":0,"comment_status":"closed","ping_status":"closed","template":"","meta":{"_crdt_document":"","footnotes":""},"class_list":["post-443","page","type-page","status-publish","hentry"],"_links":{"self":[{"href":"https:\/\/legaminfor.be\/index.php\/wp-json\/wp\/v2\/pages\/443","targetHints":{"allow":["GET"]}}],"collection":[{"href":"https:\/\/legaminfor.be\/index.php\/wp-json\/wp\/v2\/pages"}],"about":[{"href":"https:\/\/legaminfor.be\/index.php\/wp-json\/wp\/v2\/types\/page"}],"author":[{"embeddable":true,"href":"https:\/\/legaminfor.be\/index.php\/wp-json\/wp\/v2\/users\/1"}],"replies":[{"embeddable":true,"href":"https:\/\/legaminfor.be\/index.php\/wp-json\/wp\/v2\/comments?post=443"}],"version-history":[{"count":2,"href":"https:\/\/legaminfor.be\/index.php\/wp-json\/wp\/v2\/pages\/443\/revisions"}],"predecessor-version":[{"id":446,"href":"https:\/\/legaminfor.be\/index.php\/wp-json\/wp\/v2\/pages\/443\/revisions\/446"}],"wp:attachment":[{"href":"https:\/\/legaminfor.be\/index.php\/wp-json\/wp\/v2\/media?parent=443"}],"curies":[{"name":"wp","href":"https:\/\/api.w.org\/{rel}","templated":true}]}}