{"id":84,"date":"2023-10-21T12:57:26","date_gmt":"2023-10-21T10:57:26","guid":{"rendered":"https:\/\/legaminfor.be\/?page_id=84"},"modified":"2024-01-06T17:15:12","modified_gmt":"2024-01-06T16:15:12","slug":"services","status":"publish","type":"page","link":"https:\/\/legaminfor.be\/index.php\/services\/","title":{"rendered":"SERVICES"},"content":{"rendered":"\n<p class=\"wp-block-paragraph\">Legaminfor \u00e9xecute pour vous les t\u00e2ches dont vous souhaitez vous d\u00e9charger pour pouvoir vous concentrer sur votre activit\u00e9 de base. <\/p>\n\n\n\n<p class=\"wp-block-paragraph\">Encodage, travail de bureau, secr\u00e9tariat, prise de rendez-vous, publication, n\u00e9gociation de contrats, vente, prospection, organisation d\u2019\u00e9v\u00e8nement.<\/p>\n\n\n\n<p class=\"wp-block-paragraph\">Legaminfor vous aide \u00e0 porter vos bagages, informatiques et autres, afin de rendre votre vie bien plus l\u00e9g\u00e8re sans all\u00e9ger d\u2019autant votre portefeuille. <\/p>\n\n\n\n<p class=\"wp-block-paragraph\">Car Legaminfor rend ses services \u00e0 des tarifs d\u00e9fiants toute concurrence. <\/p>\n\n\n\n<p class=\"wp-block-paragraph\">Demandez votre offre de service.<\/p>\n","protected":false},"excerpt":{"rendered":"<p>Legaminfor \u00e9xecute pour vous les t\u00e2ches dont vous souhaitez vous d\u00e9charger pour pouvoir vous concentrer sur votre activit\u00e9 de base. Encodage, travail de bureau, secr\u00e9tariat, prise de rendez-vous, publication, n\u00e9gociation de contrats, vente, prospection, organisation d\u2019\u00e9v\u00e8nement. Legaminfor vous aide \u00e0 porter vos bagages, informatiques et autres, afin de rendre votre vie bien plus l\u00e9g\u00e8re sans [&hellip;]<\/p>\n","protected":false},"author":1,"featured_media":0,"parent":0,"menu_order":0,"comment_status":"closed","ping_status":"closed","template":"","meta":{"_crdt_document":"","footnotes":""},"class_list":["post-84","page","type-page","status-publish","hentry"],"_links":{"self":[{"href":"https:\/\/legaminfor.be\/index.php\/wp-json\/wp\/v2\/pages\/84","targetHints":{"allow":["GET"]}}],"collection":[{"href":"https:\/\/legaminfor.be\/index.php\/wp-json\/wp\/v2\/pages"}],"about":[{"href":"https:\/\/legaminfor.be\/index.php\/wp-json\/wp\/v2\/types\/page"}],"author":[{"embeddable":true,"href":"https:\/\/legaminfor.be\/index.php\/wp-json\/wp\/v2\/users\/1"}],"replies":[{"embeddable":true,"href":"https:\/\/legaminfor.be\/index.php\/wp-json\/wp\/v2\/comments?post=84"}],"version-history":[{"count":3,"href":"https:\/\/legaminfor.be\/index.php\/wp-json\/wp\/v2\/pages\/84\/revisions"}],"predecessor-version":[{"id":355,"href":"https:\/\/legaminfor.be\/index.php\/wp-json\/wp\/v2\/pages\/84\/revisions\/355"}],"wp:attachment":[{"href":"https:\/\/legaminfor.be\/index.php\/wp-json\/wp\/v2\/media?parent=84"}],"curies":[{"name":"wp","href":"https:\/\/api.w.org\/{rel}","templated":true}]}}